{"id":12,"date":"2014-11-04T22:16:39","date_gmt":"2014-11-04T21:16:39","guid":{"rendered":"http:\/\/ferienhaeuser-schoenhart.at\/index.php\/ausstattung-kopphuette\/"},"modified":"2019-01-22T18:55:37","modified_gmt":"2019-01-22T17:55:37","slug":"ausstattung-kopphuette","status":"publish","type":"page","link":"https:\/\/ferienhaeuser-schoenhart.at\/index.php\/ausstattung-kopphuette\/","title":{"rendered":"Ausstattung Kopph\u00fctte"},"content":{"rendered":"<p>Die Kopph\u00fctte ist f\u00fcr bis zu 6 Personen buchbar und verf\u00fcgt \u00fcber folgende Ausstattung:<\/p>\n<ul>\n<li>Eingez\u00e4untes Grundst\u00fcck mit ca. 600m\u00b2<\/li>\n<li>2 Stockwerke<\/li>\n<li>Wohnfl\u00e4che mit ca. 130 m\u00b2<\/li>\n<li>3 x Doppelzimmer<\/li>\n<li>Bad\/WC mit Fu\u00dfbodenheizung<\/li>\n<li>Voll ausgestattete K\u00fcche\n<ul>\n<li>Geschirr + T\u00f6pfe + Besteck vorhanden<\/li>\n<li>E-Herd mit Backofen<\/li>\n<li>Holzherd<\/li>\n<li>K\u00fchlschrank<\/li>\n<li>Gefrierschrank<\/li>\n<li>Filterkaffemaschine<\/li>\n<li>Toaster, Brotmaschine<\/li>\n<\/ul>\n<ul>\n<li>Geschirrsp\u00fcler, uvm.<\/li>\n<\/ul>\n<\/li>\n<li>Sauna mit Ruheraum und separater Dusche (Sauna nur von Au\u00dfen zug\u00e4nglich)<\/li>\n<li>Vollautomatischer Pelletsofen im Wohnzimmer<\/li>\n<li>Kachelofen im Zimmer im Erdgescho\u00df<\/li>\n<li>Die Zimmer im 1. Stock werden elektrisch beheitzt<\/li>\n<li>Satelliten &#8211; TV und Radio im Wohnzimmer<\/li>\n<li>Balkon<\/li>\n<li>Spielwiese mit Schaukel<\/li>\n<li>Gemauerter Grill<\/li>\n<li>Gro\u00dfe Terrasse mit Sitzm\u00f6glichkeit und Liegest\u00fchlen<\/li>\n<\/ul>\n<p><span style=\"text-decoration: underline;\">Zusatzinformationen:<\/span><\/p>\n<ul>\n<li>Verpflegung auf eigene Regie<\/li>\n<li>Haustiere sind erlaubt<\/li>\n<li>H\u00fctte ist ganzj\u00e4hrig mit PKW erreichbar (im Winter Schneeketten nicht vergessen)<\/li>\n<li>Haus Alleinlage<\/li>\n<\/ul>\n","protected":false},"excerpt":{"rendered":"<p>Die Kopph\u00fctte ist f\u00fcr bis zu 6 Personen buchbar und verf\u00fcgt \u00fcber folgende Ausstattung: Eingez\u00e4untes Grundst\u00fcck mit ca. 600m\u00b2 2 Stockwerke Wohnfl\u00e4che mit ca. 130 m\u00b2 3 x Doppelzimmer Bad\/WC mit Fu\u00dfbodenheizung Voll ausgestattete K\u00fcche Geschirr + T\u00f6pfe + Besteck vorhanden E-Herd mit Backofen Holzherd K\u00fchlschrank Gefrierschrank Filterkaffemaschine Toaster, Brotmaschine Geschirrsp\u00fcler, uvm. Sauna mit Ruheraum&#8230; <\/p>\n","protected":false},"author":1,"featured_media":0,"parent":0,"menu_order":1,"comment_status":"closed","ping_status":"closed","template":"","meta":{"footnotes":""},"class_list":["post-12","page","type-page","status-publish","hentry"],"_links":{"self":[{"href":"https:\/\/ferienhaeuser-schoenhart.at\/index.php\/wp-json\/wp\/v2\/pages\/12","targetHints":{"allow":["GET"]}}],"collection":[{"href":"https:\/\/ferienhaeuser-schoenhart.at\/index.php\/wp-json\/wp\/v2\/pages"}],"about":[{"href":"https:\/\/ferienhaeuser-schoenhart.at\/index.php\/wp-json\/wp\/v2\/types\/page"}],"author":[{"embeddable":true,"href":"https:\/\/ferienhaeuser-schoenhart.at\/index.php\/wp-json\/wp\/v2\/users\/1"}],"replies":[{"embeddable":true,"href":"https:\/\/ferienhaeuser-schoenhart.at\/index.php\/wp-json\/wp\/v2\/comments?post=12"}],"version-history":[{"count":1,"href":"https:\/\/ferienhaeuser-schoenhart.at\/index.php\/wp-json\/wp\/v2\/pages\/12\/revisions"}],"predecessor-version":[{"id":442,"href":"https:\/\/ferienhaeuser-schoenhart.at\/index.php\/wp-json\/wp\/v2\/pages\/12\/revisions\/442"}],"wp:attachment":[{"href":"https:\/\/ferienhaeuser-schoenhart.at\/index.php\/wp-json\/wp\/v2\/media?parent=12"}],"curies":[{"name":"wp","href":"https:\/\/api.w.org\/{rel}","templated":true}]}}