{"id":17,"date":"2014-11-04T22:22:19","date_gmt":"2014-11-04T21:22:19","guid":{"rendered":"http:\/\/ferienhaeuser-schoenhart.at\/index.php\/ausstattung-ferienhaus-schoenhart\/"},"modified":"2021-01-24T08:37:07","modified_gmt":"2021-01-24T07:37:07","slug":"ausstattung-ferienhaus-schoenhart","status":"publish","type":"page","link":"https:\/\/ferienhaeuser-schoenhart.at\/index.php\/ausstattung-ferienhaus-schoenhart\/","title":{"rendered":"Ausstattung vom Ferienhaus"},"content":{"rendered":"<p><em>Das Ferienhaus Sch\u00f6nhart ist f\u00fcr bis zu 5 Personen buchbar und verf\u00fcgt \u00fcber folgende Ausstattung:<\/em><\/p>\n<ul>\n<li><em>Eingez\u00e4untes Grundst\u00fcck mit ca. 400m\u00b2 ideal f\u00fcr Hunde<\/em><\/li>\n<li><em>Wohnfl\u00e4che mit ca. 90 m\u00b2<\/em><\/li>\n<li><em>2 Stockwerke \/ 4 Zimmer<\/em><\/li>\n<li><em>Gro\u00dfer ger\u00e4umiger Wohn-\/Essbereich (ca. 40m\u00b2)<\/em><\/li>\n<li><em>1x Doppelbettzimmer, 1x Zweibettzimmer, zusammen schieben m\u00f6glich, 1x Einzelzimmer<\/em><\/li>\n<li><em>Bad &amp; WC mit Fu\u00dfbodenheizung<\/em><\/li>\n<li><em>Voll ausgestattete K\u00fcche<\/em>\n<ul>\n<li><em>Geschirr, T\u00f6pfe, Besteck vorhanden<\/em><\/li>\n<li><em>E-Herd mit Backofen<\/em><\/li>\n<li><em>Mikrowelle<\/em><\/li>\n<li><em>K\u00fchlschrank<\/em><\/li>\n<li><em>Gefrierschrank<\/em><\/li>\n<li><em>Filterkaffemaschine<\/em><\/li>\n<li><em>Geschirrsp\u00fcler<\/em><\/li>\n<li><em>Gartensauna mit Vorraum<\/em><\/li>\n<\/ul>\n<\/li>\n<li><em>Vollautomatischer Pelletsofen im Wohn-\/Essbereich<\/em><\/li>\n<li><em>Zimmer im 1.Stock werden elektrisch beheizt<\/em><\/li>\n<li><em>Satelliten &#8211; TV, Radio im Wohn-\/Essbereich<\/em><\/li>\n<li><em>Gro\u00dfe Terrasse mit Sitzm\u00f6glichkeit und Liegest\u00fchlen<\/em><\/li>\n<li><em>Balkon im 1. Stock mit gro\u00dfer Gartensauna<\/em><\/li>\n<li><em>Gro\u00dfe Spielwiese<\/em><\/li>\n<li><em>Holzkohlegriller vorhanden<\/em><\/li>\n<\/ul>\n<p><em><span style=\"text-decoration: underline;\">Zusatzinformationen:<\/span><\/em><\/p>\n<ul>\n<li>Verpflegung auf eigene Regie<\/li>\n<li>Bis zu 2 Haustiere sind erlaubt<\/li>\n<li>Haus ist ganzj\u00e4hrig mit PKW erreichbar (im Winter Schneeketten nicht vergessen)<\/li>\n<\/ul>\n","protected":false},"excerpt":{"rendered":"<p>Das Ferienhaus Sch\u00f6nhart ist f\u00fcr bis zu 5 Personen buchbar und verf\u00fcgt \u00fcber folgende Ausstattung: Eingez\u00e4untes Grundst\u00fcck mit ca. 400m\u00b2 ideal f\u00fcr Hunde Wohnfl\u00e4che mit ca. 90 m\u00b2 2 Stockwerke \/ 4 Zimmer Gro\u00dfer ger\u00e4umiger Wohn-\/Essbereich (ca. 40m\u00b2) 1x Doppelbettzimmer, 1x Zweibettzimmer, zusammen schieben m\u00f6glich, 1x Einzelzimmer Bad &amp; WC mit Fu\u00dfbodenheizung Voll ausgestattete K\u00fcche&#8230; <\/p>\n","protected":false},"author":1,"featured_media":0,"parent":0,"menu_order":1,"comment_status":"closed","ping_status":"closed","template":"","meta":{"footnotes":""},"class_list":["post-17","page","type-page","status-publish","hentry"],"_links":{"self":[{"href":"https:\/\/ferienhaeuser-schoenhart.at\/index.php\/wp-json\/wp\/v2\/pages\/17","targetHints":{"allow":["GET"]}}],"collection":[{"href":"https:\/\/ferienhaeuser-schoenhart.at\/index.php\/wp-json\/wp\/v2\/pages"}],"about":[{"href":"https:\/\/ferienhaeuser-schoenhart.at\/index.php\/wp-json\/wp\/v2\/types\/page"}],"author":[{"embeddable":true,"href":"https:\/\/ferienhaeuser-schoenhart.at\/index.php\/wp-json\/wp\/v2\/users\/1"}],"replies":[{"embeddable":true,"href":"https:\/\/ferienhaeuser-schoenhart.at\/index.php\/wp-json\/wp\/v2\/comments?post=17"}],"version-history":[{"count":11,"href":"https:\/\/ferienhaeuser-schoenhart.at\/index.php\/wp-json\/wp\/v2\/pages\/17\/revisions"}],"predecessor-version":[{"id":714,"href":"https:\/\/ferienhaeuser-schoenhart.at\/index.php\/wp-json\/wp\/v2\/pages\/17\/revisions\/714"}],"wp:attachment":[{"href":"https:\/\/ferienhaeuser-schoenhart.at\/index.php\/wp-json\/wp\/v2\/media?parent=17"}],"curies":[{"name":"wp","href":"https:\/\/api.w.org\/{rel}","templated":true}]}}