{"id":181,"date":"2016-09-21T23:11:22","date_gmt":"2016-09-21T21:11:22","guid":{"rendered":"http:\/\/ferienhaeuser-schoenhart.at\/?page_id=181"},"modified":"2024-03-20T11:26:18","modified_gmt":"2024-03-20T10:26:18","slug":"belegung-kopphuette","status":"publish","type":"page","link":"https:\/\/ferienhaeuser-schoenhart.at\/index.php\/belegung-kopphuette\/","title":{"rendered":"Buchungsanfrage Kopph\u00fctte"},"content":{"rendered":"<h2><img loading=\"lazy\" decoding=\"async\" class=\"wp-image-148 alignleft\" src=\"http:\/\/ferienhaeuser-schoenhart.at\/wp-content\/uploads\/IMG_1602-300x200.jpg\" alt=\"img_1602\" width=\"236\" height=\"157\" srcset=\"https:\/\/ferienhaeuser-schoenhart.at\/wp-content\/uploads\/IMG_1602-300x200.jpg 300w, https:\/\/ferienhaeuser-schoenhart.at\/wp-content\/uploads\/IMG_1602-768x513.jpg 768w, https:\/\/ferienhaeuser-schoenhart.at\/wp-content\/uploads\/IMG_1602.jpg 800w\" sizes=\"auto, (max-width: 236px) 100vw, 236px\" \/><\/h2>\n<h3><strong>Gerne k\u00f6nnen Sie unverbindlich f\u00fcr eine Buchung bei der Kopph\u00fctte anfragen.<\/strong><\/h3>\n<h3><strong>Sie bekommen in kurzer Zeit R\u00fcckmeldung zu Ihrer Anfrage.<\/strong><\/h3>\n<p>F\u00fcr Buchungsanfragen zur Kopph\u00fctte einfach an folgende Mail schreiben:<\/p>\n<p><a href=\"mailto:kopphuette@ferienhaeuser-schoenhart.at\">kopphuette@ferienhaeuser-schoenhart.at<\/a><\/p>\n<p>Tel. +43 6641351378<\/p>\n","protected":false},"excerpt":{"rendered":"<p>Gerne k\u00f6nnen Sie unverbindlich f\u00fcr eine Buchung bei der Kopph\u00fctte anfragen. Sie bekommen in kurzer Zeit R\u00fcckmeldung zu Ihrer Anfrage. F\u00fcr Buchungsanfragen zur Kopph\u00fctte einfach an folgende Mail schreiben: kopphuette@ferienhaeuser-schoenhart.at Tel. +43 6641351378<\/p>\n","protected":false},"author":1,"featured_media":0,"parent":0,"menu_order":0,"comment_status":"closed","ping_status":"closed","template":"","meta":{"footnotes":""},"class_list":["post-181","page","type-page","status-publish","hentry"],"_links":{"self":[{"href":"https:\/\/ferienhaeuser-schoenhart.at\/index.php\/wp-json\/wp\/v2\/pages\/181","targetHints":{"allow":["GET"]}}],"collection":[{"href":"https:\/\/ferienhaeuser-schoenhart.at\/index.php\/wp-json\/wp\/v2\/pages"}],"about":[{"href":"https:\/\/ferienhaeuser-schoenhart.at\/index.php\/wp-json\/wp\/v2\/types\/page"}],"author":[{"embeddable":true,"href":"https:\/\/ferienhaeuser-schoenhart.at\/index.php\/wp-json\/wp\/v2\/users\/1"}],"replies":[{"embeddable":true,"href":"https:\/\/ferienhaeuser-schoenhart.at\/index.php\/wp-json\/wp\/v2\/comments?post=181"}],"version-history":[{"count":21,"href":"https:\/\/ferienhaeuser-schoenhart.at\/index.php\/wp-json\/wp\/v2\/pages\/181\/revisions"}],"predecessor-version":[{"id":77279,"href":"https:\/\/ferienhaeuser-schoenhart.at\/index.php\/wp-json\/wp\/v2\/pages\/181\/revisions\/77279"}],"wp:attachment":[{"href":"https:\/\/ferienhaeuser-schoenhart.at\/index.php\/wp-json\/wp\/v2\/media?parent=181"}],"curies":[{"name":"wp","href":"https:\/\/api.w.org\/{rel}","templated":true}]}}