{"id":3,"date":"2014-11-04T21:37:55","date_gmt":"2014-11-04T20:37:55","guid":{"rendered":"http:\/\/ferienhaeuser-schoenhart.at\/index.php\/startseite\/"},"modified":"2021-01-05T19:04:16","modified_gmt":"2021-01-05T18:04:16","slug":"startseite","status":"publish","type":"page","link":"https:\/\/ferienhaeuser-schoenhart.at\/","title":{"rendered":"Herzlich Willkommen bei unseren Ferienh\u00e4usern!"},"content":{"rendered":"<p>&nbsp;<\/p>\n<p>Wenn Sie Urlaub einmal anders genie\u00dfen wollen, dann kommen Sie zu uns ins wundersch\u00f6ne Lavanttal in K\u00e4rnten.<\/p>\n<p>Wir vermieten zwei wundersch\u00f6ne Ferienh\u00e4user, die Kopph\u00fctte und das Ferienhaus Sch\u00f6nhart.<\/p>\n<p>Beide H\u00e4user befinden sich auf der Saualpe. Die Vermietung erfolgt ganzj\u00e4hrig.<\/p>\n<p>Die Ferienh\u00e4user bieten Erholung und eine herrliche Umgebung f\u00fcr Jung und Alt \u2013 <strong>einfach zum Wohlf\u00fchlen f\u00fcr Jedermann!<\/strong><\/p>\n<p style=\"text-align: center;\"><strong>\u00a0<\/strong><\/p>\n<p style=\"text-align: left;\"><em><strong>\u00a0 \u00a0 \u00a0 \u00a0 \u00a0 \u00a0 \u00a0 \u00a0 \u00a0 \u00a0 \u00a0 \u00a0 \u00a0 \u00a0 \u00a0 \u00a0 Zur Kopph\u00fctte\u00a0 \u00a0 \u00a0 \u00a0 \u00a0 \u00a0 \u00a0 \u00a0 \u00a0 \u00a0 \u00a0 \u00a0 \u00a0 \u00a0 \u00a0 \u00a0 \u00a0 \u00a0 \u00a0 \u00a0 \u00a0 \u00a0 \u00a0 \u00a0 \u00a0 \u00a0 \u00a0Zum Ferienhaus Sch\u00f6nhart<\/strong><\/em><\/p>\n<p style=\"text-align: left;\"><a href=\"http:\/\/ferienhaeuser-schoenhart.at\/index.php\/ueber-die-kopphuette\/\">\u00a0<img loading=\"lazy\" decoding=\"async\" class=\"wp-image-1 alignnone\" src=\"http:\/\/ferienhaeuser-schoenhart.at\/wp-content\/uploads\/2014\/11\/Fotos_Kopp_Sommer_IMG_1556.JPG\" alt=\"IMG_1556\" width=\"312\" height=\"209\" border=\"0\" srcset=\"https:\/\/ferienhaeuser-schoenhart.at\/wp-content\/uploads\/2014\/11\/Fotos_Kopp_Sommer_IMG_1556.JPG 800w, https:\/\/ferienhaeuser-schoenhart.at\/wp-content\/uploads\/2014\/11\/Fotos_Kopp_Sommer_IMG_1556-300x200.jpg 300w, https:\/\/ferienhaeuser-schoenhart.at\/wp-content\/uploads\/2014\/11\/Fotos_Kopp_Sommer_IMG_1556-768x513.jpg 768w\" sizes=\"auto, (max-width: 312px) 100vw, 312px\" \/>\u00a0 \u00a0 \u00a0 \u00a0 \u00a0 \u00a0 \u00a0 \u00a0 \u00a0 <\/a><a href=\"http:\/\/ferienhaeuser-schoenhart.at\/index.php\/ueber-das-ferienhaus-schoenhart\/\"><img loading=\"lazy\" decoding=\"async\" class=\"alignnone  wp-image-599\" src=\"http:\/\/ferienhaeuser-schoenhart.at\/wp-content\/uploads\/IMG_7998-1-300x200.jpg\" alt=\"\" width=\"312\" height=\"208\" srcset=\"https:\/\/ferienhaeuser-schoenhart.at\/wp-content\/uploads\/IMG_7998-1-300x200.jpg 300w, https:\/\/ferienhaeuser-schoenhart.at\/wp-content\/uploads\/IMG_7998-1-768x512.jpg 768w, https:\/\/ferienhaeuser-schoenhart.at\/wp-content\/uploads\/IMG_7998-1.jpg 1024w\" sizes=\"auto, (max-width: 312px) 100vw, 312px\" \/><\/a><\/p>\n<p>&nbsp;<\/p>\n<h3>Auf Ihr Kommen freut sich Ihre Familie Sch\u00f6nhart!<\/h3>\n<h3><\/h3>\n<p>&nbsp;<\/p>\n<hr \/>\n<p><!-- [if gte mso 10]> <mce:style><! \/* Style Definitions *\/ table.MsoNormalTable {mso-style-name:\"Normale Tabelle\"; mso-tstyle-rowband-size:0; mso-tstyle-colband-size:0; mso-style-noshow:yes; mso-style-parent:\"\"; mso-padding-alt:0cm 5.4pt 0cm 5.4pt; mso-para-margin:0cm; mso-para-margin-bottom:.0001pt; mso-pagination:widow-orphan; font-size:10.0pt; font-family:\"Times New Roman\"; mso-ansi-language:#0400; mso-fareast-language:#0400; mso-bidi-language:#0400;} > <! [endif] >\n\n\n<h1>Herzlich Willkommen auf der Kopph\u00fctte!<\/h1>\n\n\n\n\n<div style=\"text-align: justify;\" mce_style=\"text-align: justify;\" mce_tmp=\"1\">\nWenn  Sie Urlaub einmal anders genie\u00dfen wollen, dann kommen Sie zu uns ins  wundersch\u00f6ne K\u00e4rnten auf die Kopph\u00fctte. Die H\u00fctte und die herrliche  Umgebung ist ein Urlaubsort f\u00fcr Jung und Alt \u2013 einfach zum Wohlf\u00fchlen  f\u00fcr Jedermann!<\/div>\n\n\n\n\n<div style=\"text-align: justify;\" mce_style=\"text-align: justify;\" mce_tmp=\"1\">\nIm  Sommer bis in den sp\u00e4ten Herbst kann man die eindrucksvolle  Naturlandschaft durch entspannende Wanderungen erkunden (wenn Kondition  vorhanden, gibt es nat\u00fcrlich auch anspruchsvolle Wandertouren <span style=\"font-family: Wingdings;\" mce_style=\"font-family: Wingdings;\"><span>\ud83d\ude42<\/span><\/span>). Zus\u00e4tzlich bietet die N\u00e4hre Umgebung (Erholungsgebiet Saualpe\/Klippitzt\u00f6rl), <span> <\/span>sowie die Region des Lavanttals zahlreiche Freizeitm\u00f6glichkeiten und Ausflugsziele (einige davon sind unter Region angef\u00fchrt).<\/div>\n\n\n\n\n<div style=\"text-align: justify;\" mce_style=\"text-align: justify;\" mce_tmp=\"1\">\nDamit  in den Wintermonaten der Spa\u00df und die Aktivit\u00e4ten nicht zu kurz kommen,  kann man die herrlichen Schigebiete auf der Saualpe, Koralpe, Weinebene  und Hebalm in n\u00e4chster Umgebung zur H\u00fctte erkunden. Neben den  Skigebieten gibt es nat\u00fcrlich auch die M\u00f6glichkeit herrliche  Schneeschuhwanderungen sowie aufregende Rodelpartien zu unternehmen.<\/div>\n\n\n\n\n<div mce_tmp=\"1\">Also zum Sehen und Erleben gibt es auf der Kopph\u00fctte und in der  n\u00e4heren Umgebung genug. Und was gibt es sch\u00f6neres als auf der Alm zu  urlauben und gem\u00fctliche und entspannende H\u00fcttentage (und besonders  Abende <span style=\"font-family: Wingdings;\" mce_style=\"font-family: Wingdings;\"><span>\ud83d\ude42<\/span><\/span>) zu verbringen.<\/div>\n\n\n\n\n<div mce_tmp=\"1\">\nAuf Ihr Kommen freut sich Ihre Familie Sch\u00f6nhart!<\/div>\n\n\n\n\n<div mce_tmp=\"1\"><i>\nIlse &amp; Hor<\/i><i>st Sch\u00f6nhart<\/i><\/div>\n\n\n\n\n<div mce_tmp=\"1\"><\/div>\n\n\n\n\n<div style=\"text-align: center;\" mce_style=\"text-align: center;\" mce_tmp=\"1\"><img loading=\"lazy\" decoding=\"async\" src=\"http:\/\/localhost\/joomla\/images\/stories\/Fotos_Diverse\/IMG_6360.JPG\" mce_src=\"images\/stories\/Fotos_Diverse\/IMG_6360.JPG\" width=\"261\" border=\"0\" height=\"173\"><\/div>\n\n\n\n\n<div mce_tmp=\"1\"><\/div>\n\n\n\n\n<div style=\"text-align: center;\" mce_style=\"text-align: center;\" mce_tmp=\"1\"><\/div>\n\n\n\n\n\n<hr>\n\n\n\n\n\n<div mce_tmp=\"1\"><\/div>\n\n\n\n\n<div style=\"text-align: center;\" mce_style=\"text-align: center;\" mce_tmp=\"1\"><\/div>\n\n\n\n\n<div style=\"text-align: center;\" mce_style=\"text-align: center;\" mce_tmp=\"1\"><\/div>\n\n\n\n\n<div mce_tmp=\"1\"><\/div>\n\n\n\n\n<div mce_tmp=\"1\"><\/div>\n\n\n\n\n<div mce_tmp=\"1\"><\/div>\n\n\n\n\n<div style=\"text-align: center;\" mce_style=\"text-align: center;\" mce_tmp=\"1\"><\/div>\n\n\n\n\n<div mce_tmp=\"1\"><\/div>\n\n\n<! EndFragment > <\/body> <\/ht ><! [if gte mso 10]> <mce:style><! \/* Style Definitions *\/ table.MsoNormalTable {mso-style-name:\"Normale Tabelle\"; mso-tstyle-rowband-size:0; mso-tstyle-colband-size:0; mso-style-noshow:yes; mso-style-parent:\"\"; mso-padding-alt:0cm 5.4pt 0cm 5.4pt; mso-para-margin:0cm; mso-para-margin-bottom:.0001pt; mso-pagination:widow-orphan; font-size:10.0pt; font-family:\"Times New Roman\"; mso-ansi-language:#0400; mso-fareast-language:#0400; mso-bidi-language:#0400;} > <! [endif] >\n\n\n<h1>Herzlich Willkommen auf der Kopph\u00fctte!<\/h1>\n\n\n\n\n<div style=\"text-align: justify;\" mce_style=\"text-align: justify;\" mce_tmp=\"1\">\nWenn  Sie Urlaub einmal anders genie\u00dfen wollen, dann kommen Sie zu uns ins  wundersch\u00f6ne K\u00e4rnten auf die Kopph\u00fctte. Die H\u00fctte und die herrliche  Umgebung ist ein Urlaubsort f\u00fcr Jung und Alt \u2013 einfach zum Wohlf\u00fchlen  f\u00fcr Jedermann!<\/div>\n\n\n\n\n<div style=\"text-align: justify;\" mce_style=\"text-align: justify;\" mce_tmp=\"1\">\nIm  Sommer bis in den sp\u00e4ten Herbst kann man die eindrucksvolle  Naturlandschaft durch entspannende Wanderungen erkunden (wenn Kondition  vorhanden, gibt es nat\u00fcrlich auch anspruchsvolle Wandertouren <span style=\"font-family: Wingdings;\" mce_style=\"font-family: Wingdings;\"><span>\ud83d\ude42<\/span><\/span>). Zus\u00e4tzlich bietet die N\u00e4hre Umgebung (Erholungsgebiet Saualpe\/Klippitzt\u00f6rl), <span> <\/span>sowie die Region des Lavanttals zahlreiche Freizeitm\u00f6glichkeiten und Ausflugsziele (einige davon sind unter Region angef\u00fchrt).<\/div>\n\n\n\n\n<div style=\"text-align: justify;\" mce_style=\"text-align: justify;\" mce_tmp=\"1\">\nDamit  in den Wintermonaten der Spa\u00df und die Aktivit\u00e4ten nicht zu kurz kommen,  kann man die herrlichen Schigebiete auf der Saualpe, Koralpe, Weinebene  und Hebalm in n\u00e4chster Umgebung zur H\u00fctte erkunden. Neben den  Skigebieten gibt es nat\u00fcrlich auch die M\u00f6glichkeit herrliche  Schneeschuhwanderungen sowie aufregende Rodelpartien zu unternehmen.<\/div>\n\n\n\n\n<div mce_tmp=\"1\">Also zum Sehen und Erleben gibt es auf der Kopph\u00fctte und in der  n\u00e4heren Umgebung genug. Und was gibt es sch\u00f6neres als auf der Alm zu  urlauben und gem\u00fctliche und entspannende H\u00fcttentage (und besonders  Abende <span style=\"font-family: Wingdings;\" mce_style=\"font-family: Wingdings;\"><span>\ud83d\ude42<\/span><\/span>) zu verbringen.<\/div>\n\n\n\n\n<div mce_tmp=\"1\">\nAuf Ihr Kommen freut sich Ihre Familie Sch\u00f6nhart!<\/div>\n\n\n\n\n<div mce_tmp=\"1\"><i>\nIlse &amp; Hor<\/i><i>st Sch\u00f6nhart<\/i><\/div>\n\n\n\n\n<div mce_tmp=\"1\"><\/div>\n\n\n\n\n<div style=\"text-align: center;\" mce_style=\"text-align: center;\" mce_tmp=\"1\"><img loading=\"lazy\" decoding=\"async\" src=\"http:\/\/localhost\/joomla\/images\/stories\/Fotos_Diverse\/IMG_6360.JPG\" mce_src=\"images\/stories\/Fotos_Diverse\/IMG_6360.JPG\" width=\"261\" border=\"0\" height=\"173\"><\/div>\n\n\n\n\n<div mce_tmp=\"1\"><\/div>\n\n\n\n\n<div style=\"text-align: center;\" mce_style=\"text-align: center;\" mce_tmp=\"1\"><\/div>\n\n\n\n\n\n<hr>\n\n\n\n\n\n<div mce_tmp=\"1\"><\/div>\n\n\n\n\n<div style=\"text-align: center;\" mce_style=\"text-align: center;\" mce_tmp=\"1\"><\/div>\n\n\n\n\n<div style=\"text-align: center;\" mce_style=\"text-align: center;\" mce_tmp=\"1\"><\/div>\n\n\n\n\n<div mce_tmp=\"1\"><\/div>\n\n\n\n\n<div mce_tmp=\"1\"><\/div>\n\n\n\n\n<div mce_tmp=\"1\"><\/div>\n\n\n\n\n<div style=\"text-align: center;\" mce_style=\"text-align: center;\" mce_tmp=\"1\"><\/div>\n\n\n\n\n<div mce_tmp=\"1\"><\/div>\n\n\n<! EndFragment > <\/body> <\/ht ><\/d ><\/d ><\/d ><\/d ><\/d ><\/d ><\/d ><\/d ><\/d ><\/d ><\/d ><\/d ><\/d ><\/d ><\/d ><\/d ><\/d ><\/d ><\/d ><\/d ><\/d ><\/d ><\/d >\n\n<\/bo > <mce:script type=\"text\/javascript\"><! var _gaq = _gaq || []; _gaq.push(['_setAccount', 'UA-24820666-1']); _gaq.push(['_trackPageview']); (function() { var ga = document.createElement('script'); ga.type = 'text\/javascript'; ga.async = true; ga.src = ('https:' == document.location.protocol ? 'https:\/\/ssl' : 'http:\/\/www') + '.google-analytics.com\/ga.js'; var s = document.getElementsByTagName('script')[0]; s.parentNode.insertBefore(ga, s); })(); \/\/ ><\/mce:scri--><\/p>\n","protected":false},"excerpt":{"rendered":"<p>&nbsp; Wenn Sie Urlaub einmal anders genie\u00dfen wollen, dann kommen Sie zu uns ins wundersch\u00f6ne Lavanttal in K\u00e4rnten. Wir vermieten zwei wundersch\u00f6ne Ferienh\u00e4user, die Kopph\u00fctte und das Ferienhaus Sch\u00f6nhart. Beide H\u00e4user befinden sich auf der Saualpe. Die Vermietung erfolgt ganzj\u00e4hrig. Die Ferienh\u00e4user bieten Erholung und eine herrliche Umgebung f\u00fcr Jung und Alt \u2013 einfach zum&#8230; <\/p>\n","protected":false},"author":1,"featured_media":0,"parent":0,"menu_order":1,"comment_status":"closed","ping_status":"closed","template":"","meta":{"footnotes":""},"class_list":["post-3","page","type-page","status-publish","hentry"],"_links":{"self":[{"href":"https:\/\/ferienhaeuser-schoenhart.at\/index.php\/wp-json\/wp\/v2\/pages\/3","targetHints":{"allow":["GET"]}}],"collection":[{"href":"https:\/\/ferienhaeuser-schoenhart.at\/index.php\/wp-json\/wp\/v2\/pages"}],"about":[{"href":"https:\/\/ferienhaeuser-schoenhart.at\/index.php\/wp-json\/wp\/v2\/types\/page"}],"author":[{"embeddable":true,"href":"https:\/\/ferienhaeuser-schoenhart.at\/index.php\/wp-json\/wp\/v2\/users\/1"}],"replies":[{"embeddable":true,"href":"https:\/\/ferienhaeuser-schoenhart.at\/index.php\/wp-json\/wp\/v2\/comments?post=3"}],"version-history":[{"count":37,"href":"https:\/\/ferienhaeuser-schoenhart.at\/index.php\/wp-json\/wp\/v2\/pages\/3\/revisions"}],"predecessor-version":[{"id":664,"href":"https:\/\/ferienhaeuser-schoenhart.at\/index.php\/wp-json\/wp\/v2\/pages\/3\/revisions\/664"}],"wp:attachment":[{"href":"https:\/\/ferienhaeuser-schoenhart.at\/index.php\/wp-json\/wp\/v2\/media?parent=3"}],"curies":[{"name":"wp","href":"https:\/\/api.w.org\/{rel}","templated":true}]}}