{"id":7,"date":"2014-11-04T22:11:33","date_gmt":"2014-11-04T21:11:33","guid":{"rendered":"http:\/\/ferienhaeuser-schoenhart.at\/index.php\/der-schnellste-weg-in-ihren-bergurlaub\/"},"modified":"2016-09-23T22:10:08","modified_gmt":"2016-09-23T20:10:08","slug":"der-schnellste-weg-in-ihren-bergurlaub","status":"publish","type":"page","link":"https:\/\/ferienhaeuser-schoenhart.at\/index.php\/der-schnellste-weg-in-ihren-bergurlaub\/","title":{"rendered":"Der schnellste Weg in Ihren Bergurlaub&#8230;"},"content":{"rendered":"<p style=\"text-align: justify;\"><strong>Die Anreise zu den H\u00fctten erfolgt \u00fcber unseren Bauernhof (Adresse siehe Kontaktdaten). Sie reisen zun\u00e4chst direkt zu unserem Hof an. Hier erfolgt die Schl\u00fcssel\u00fcbergabe. Anschlie\u00dfend werden Sie auf die von Ihnen gebuchte H\u00fctte gebracht.<\/strong><\/p>\n<h2><strong><br \/>\n<\/strong><span style=\"text-decoration: underline;\">Details zur Anreise:<\/span><\/h2>\n<p><img loading=\"lazy\" decoding=\"async\" class=\" alignright size-full wp-image-6\" style=\"float: right;\" src=\"http:\/\/ferienhaeuser-schoenhart.at\/wp-content\/uploads\/2014\/11\/Foto_Anreise_kleine_karte-1.jpg\" alt=\"\" width=\"311\" height=\"175\" border=\"0\" \/><\/p>\n<p><strong><span lang=\"DE\">Vom Osten:<\/span> <\/strong><br \/>\n<span lang=\"DE\">\u00dcber Wien und Graz auf der S\u00fcdautobahn (A 2)<\/span> <span lang=\"DE\">Ausfahrten: Bad St. Leonhard, Wolfsberg Nord<\/span><\/p>\n<p><span lang=\"DE\"><strong>Von Ungarn:<\/strong><\/span><br \/>\n<span lang=\"DE\">\u00dcber Heiligenkreuz F\u00fcrstenfeld<br \/>\nA 2 Richtung Graz und Klagenfurt bis Ausfahrten Bad St. Leonhard, Wolfsberg Nord<\/span><\/p>\n<p><span lang=\"DE\"><strong>Von Norden:<\/strong><\/span><br \/>\n<span lang=\"DE\">Tauernautobahn (M\u00fcnchen &#8211; Villach &#8211; Klagenfurt &#8211; weiter auf der A 2 Richtung Graz bis Ausfahrten Bad St. Leonhard, <\/span><span lang=\"DE\">Wolfsberg Nord<\/span><span lang=\"DE\">)<\/span><br \/>\n<span lang=\"DE\">A 9 Pyhrn-Autobahn (M\u00fcnchen &#8211; Salzburg &#8211; Sattledt &#8211; Liezen &#8211; Judenburg &#8211; Obdacher Sattel &#8211; Reichenfels)<\/span><br \/>\n<span lang=\"DE\">Tauernschleuse (M\u00fcnchen &#8211; Salzburg &#8211; Bischofshofen &#8211; B\u00f6ckstein &#8211; Bahnverladung Tauernschleuse &#8211; Mallnitz &#8211; Spittal &#8211; Villach &#8211; Klagenfurt &#8211; weiter auf der A 2 Richtung Graz bis Ausfahrten <\/span><span lang=\"DE\">Bad St. Leonhard, <\/span><span lang=\"DE\">Wolfsberg Nord<\/span><span lang=\"DE\">)<\/span><\/p>\n<p><span lang=\"DE\"><strong>Von S\u00fcden:<\/strong><\/span><br \/>\n<span lang=\"DE\">Italien: Autobahn Udine Villach Klagenfurt weiter auf der A 2 Richtung Graz bis Ausfahrten Wolfsberg Nord, Bad St. Leonhard<\/span><\/p>\n<p><span lang=\"DE\"><strong>Von Slowenien:<br \/>\n<\/strong><\/span><span lang=\"DE\">\u00fcber die Karawankenautobahn, \u00fcber den Wurzenpass, Karawankentunnel oder \u00fcber Lavam\u00fcnd<\/span><\/p>\n<p>&nbsp;<\/p>\n<h2><span lang=\"DE\"><strong>MAUT<\/strong><\/span><\/h2>\n<p><span lang=\"DE\">In \u00d6sterreich ist die Ben\u00fctzung s\u00e4mtlicher Autobahnen, Schnellstra\u00dfen und Stadtautobahnen mautpflichtig. Die Mautvignette ist im Ausland bei den Autofahrerclubs sowie bei grenznahen Tankstellen erh\u00e4ltlich; in \u00d6sterreich bei ARB\u00d6, \u00d6AMTC, Post\u00e4mtern, Trafiken und Tankstellen.<\/span><\/p>\n<h2><span lang=\"DE\"><strong><br \/>\nH\u00d6CHSTGESCHWINDIGKEIT<\/strong><\/span><\/h2>\n<p><span lang=\"DE\">Autobahn 130 km\/h, Landstra\u00dfe 100 km\/h, Ortsgebiet 50 km\/h<\/span><\/p>\n","protected":false},"excerpt":{"rendered":"<p>Die Anreise zu den H\u00fctten erfolgt \u00fcber unseren Bauernhof (Adresse siehe Kontaktdaten). Sie reisen zun\u00e4chst direkt zu unserem Hof an. Hier erfolgt die Schl\u00fcssel\u00fcbergabe. Anschlie\u00dfend werden Sie auf die von Ihnen gebuchte H\u00fctte gebracht. Details zur Anreise: Vom Osten: \u00dcber Wien und Graz auf der S\u00fcdautobahn (A 2) Ausfahrten: Bad St. Leonhard, Wolfsberg Nord Von&#8230; <\/p>\n","protected":false},"author":1,"featured_media":6,"parent":0,"menu_order":3,"comment_status":"closed","ping_status":"closed","template":"","meta":{"footnotes":""},"class_list":["post-7","page","type-page","status-publish","has-post-thumbnail","hentry"],"_links":{"self":[{"href":"https:\/\/ferienhaeuser-schoenhart.at\/index.php\/wp-json\/wp\/v2\/pages\/7","targetHints":{"allow":["GET"]}}],"collection":[{"href":"https:\/\/ferienhaeuser-schoenhart.at\/index.php\/wp-json\/wp\/v2\/pages"}],"about":[{"href":"https:\/\/ferienhaeuser-schoenhart.at\/index.php\/wp-json\/wp\/v2\/types\/page"}],"author":[{"embeddable":true,"href":"https:\/\/ferienhaeuser-schoenhart.at\/index.php\/wp-json\/wp\/v2\/users\/1"}],"replies":[{"embeddable":true,"href":"https:\/\/ferienhaeuser-schoenhart.at\/index.php\/wp-json\/wp\/v2\/comments?post=7"}],"version-history":[{"count":3,"href":"https:\/\/ferienhaeuser-schoenhart.at\/index.php\/wp-json\/wp\/v2\/pages\/7\/revisions"}],"predecessor-version":[{"id":239,"href":"https:\/\/ferienhaeuser-schoenhart.at\/index.php\/wp-json\/wp\/v2\/pages\/7\/revisions\/239"}],"wp:featuredmedia":[{"embeddable":true,"href":"https:\/\/ferienhaeuser-schoenhart.at\/index.php\/wp-json\/wp\/v2\/media\/6"}],"wp:attachment":[{"href":"https:\/\/ferienhaeuser-schoenhart.at\/index.php\/wp-json\/wp\/v2\/media?parent=7"}],"curies":[{"name":"wp","href":"https:\/\/api.w.org\/{rel}","templated":true}]}}